{"id":1091,"date":"2026-03-05T17:03:45","date_gmt":"2026-03-05T17:03:45","guid":{"rendered":"https:\/\/afrikacargo.com.tr\/?page_id=1091"},"modified":"2026-03-05T19:43:24","modified_gmt":"2026-03-05T19:43:24","slug":"contact","status":"publish","type":"page","link":"https:\/\/afrikacargo.com.tr\/en\/contact\/","title":{"rendered":"Contact"},"content":{"rendered":"\t\t<div data-elementor-type=\"wp-page\" data-elementor-id=\"1091\" class=\"elementor elementor-1091 elementor-28\" data-elementor-post-type=\"page\">\n\t\t\t\t<div class=\"elementor-element elementor-element-6865f83 e-flex e-con-boxed e-con e-parent\" data-id=\"6865f83\" data-element_type=\"container\" data-e-type=\"container\" data-settings=\"{&quot;background_background&quot;:&quot;classic&quot;}\">\n\t\t\t\t\t<div class=\"e-con-inner\">\n\t\t\t\t\t<\/div>\n\t\t\t\t<\/div>\n\t\t<div class=\"elementor-element elementor-element-306c8f9 e-flex e-con-boxed e-con e-parent\" data-id=\"306c8f9\" data-element_type=\"container\" data-e-type=\"container\">\n\t\t\t\t\t<div class=\"e-con-inner\">\n\t\t\t\t<div class=\"elementor-element elementor-element-c51fe2d elementor-widget-tablet__width-initial elementor-widget__width-initial elementor-widget elementor-widget-html\" data-id=\"c51fe2d\" data-element_type=\"widget\" data-e-type=\"widget\" data-widget_type=\"html.default\">\n\t\t\t\t\t<link rel=\"preconnect\" href=\"https:\/\/fonts.googleapis.com\">\r\n<link rel=\"preconnect\" href=\"https:\/\/fonts.gstatic.com\" crossorigin>\r\n<link href=\"https:\/\/fonts.googleapis.com\/css2?family=Source+Sans+Pro:wght@300;400;600&display=swap\" rel=\"stylesheet\">\r\n\r\n<div class=\"cinfo-wrap\">\r\n  <a class=\"cinfo-card\" href=\"tel:+905456812342\" aria-label=\"Call Us\">\r\n    <div class=\"cinfo-ico\" aria-hidden=\"true\">\r\n      <!-- phone -->\r\n      <svg viewBox=\"0 0 24 24\">\r\n        <path d=\"M6.6 10.8c1.7 3.3 3.3 4.9 6.6 6.6l2.2-2.2c.3-.3.7-.4 1.1-.3 1.2.4 2.4.6 3.7.6.6 0 1 .4 1 1V20c0 .6-.4 1-1 1C10.5 21 3 13.5 3 4c0-.6.4-1 1-1h3.1c.6 0 1 .4 1 1 0 1.3.2 2.5.6 3.7.1.4 0 .8-.3 1.1l-2.2 2.2z\"\/>\r\n      <\/svg>\r\n    <\/div>\r\n\r\n    <div class=\"cinfo-txt\">\r\n      <div class=\"cinfo-top\">+90 545 681 23 42<\/div>\r\n      <div class=\"cinfo-main\">Call Us Anytime<\/div>\r\n    <\/div>\r\n  <\/a>\r\n\r\n  <a class=\"cinfo-card\" href=\"mailto:info@wetasome.com\" aria-label=\"Send Email\">\r\n    <div class=\"cinfo-ico\" aria-hidden=\"true\">\r\n      <!-- mail -->\r\n      <svg viewBox=\"0 0 24 24\">\r\n        <path d=\"M20 4H4c-1.1 0-2 .9-2 2v12c0 1.1.9 2 2 2h16c1.1 0 2-.9 2-2V6c0-1.1-.9-2-2-2zm0 4-8 5-8-5V6l8 5 8-5v2z\"\/>\r\n      <\/svg>\r\n    <\/div>\r\n\r\n    <div class=\"cinfo-txt\">\r\n      <div class=\"cinfo-top\">Send Email<\/div>\r\n      <div class=\"cinfo-main\">info@afrikacargo.com.tr<\/div>\r\n    <\/div>\r\n  <\/a>\r\n\r\n  <div class=\"cinfo-card\" role=\"group\" aria-label=\"Working Hours\">\r\n    <div class=\"cinfo-ico\" aria-hidden=\"true\">\r\n      <!-- clock -->\r\n      <svg viewBox=\"0 0 24 24\">\r\n        <path d=\"M12 1a11 11 0 1 0 0 22 11 11 0 0 0 0-22zm1 11.4 3.2 1.9-.9 1.5L11 13V6h2v6.4z\"\/>\r\n      <\/svg>\r\n    <\/div>\r\n\r\n    <div class=\"cinfo-txt\">\r\n      <div class=\"cinfo-top\">Working Hours<\/div>\r\n      <div class=\"cinfo-main\">Mon - Fri (08:00 - 17:00)<\/div>\r\n    <\/div>\r\n  <\/div>\r\n<\/div>\t\t\t\t<\/div>\n\t\t\t\t\t<\/div>\n\t\t\t\t<\/div>\n\t\t<div class=\"elementor-element elementor-element-3442319 e-flex e-con-boxed e-con e-parent\" data-id=\"3442319\" data-element_type=\"container\" data-e-type=\"container\">\n\t\t\t\t\t<div class=\"e-con-inner\">\n\t\t\t\t<div class=\"elementor-element elementor-element-6c1caa8 elementor-widget elementor-widget-spacer\" data-id=\"6c1caa8\" data-element_type=\"widget\" data-e-type=\"widget\" data-widget_type=\"spacer.default\">\n\t\t\t\t\t\t\t<div class=\"elementor-spacer\">\n\t\t\t<div class=\"elementor-spacer-inner\"><\/div>\n\t\t<\/div>\n\t\t\t\t\t\t<\/div>\n\t\t\t\t\t<\/div>\n\t\t\t\t<\/div>\n\t\t<div class=\"elementor-element elementor-element-3509362 e-flex e-con-boxed e-con e-parent\" data-id=\"3509362\" data-element_type=\"container\" data-e-type=\"container\">\n\t\t\t\t\t<div class=\"e-con-inner\">\n\t\t<div class=\"elementor-element elementor-element-323cc27 e-con-full e-flex e-con e-child\" data-id=\"323cc27\" data-element_type=\"container\" data-e-type=\"container\">\n\t\t\t\t<div class=\"elementor-element elementor-element-edeead1 elementor-widget-mobile__width-initial elementor-widget elementor-widget-html\" data-id=\"edeead1\" data-element_type=\"widget\" data-e-type=\"widget\" data-widget_type=\"html.default\">\n\t\t\t\t\t<link rel=\"preconnect\" href=\"https:\/\/fonts.googleapis.com\">\r\n<link rel=\"preconnect\" href=\"https:\/\/fonts.gstatic.com\" crossorigin>\r\n<link href=\"https:\/\/fonts.googleapis.com\/css2?family=Source+Sans+Pro:wght@300;400;600&display=swap\" rel=\"stylesheet\">\r\n\r\n<div class=\"ctc9-card\">\r\n  <div class=\"ctc9-media\">\r\n    <img decoding=\"async\" src=\"https:\/\/images.unsplash.com\/photo-1521737604893-d14cc237f11d?auto=format&fit=crop&w=1400&q=80\" alt=\"Contact Image\">\r\n  <\/div>\r\n\r\n  <div class=\"ctc9-panel\">\r\n    <div class=\"ctc9-glow\" aria-hidden=\"true\"><\/div>\r\n\r\n    <h3 class=\"ctc9-title\">\r\n      Get in Touch With Us and Receive Your Quote Now!\r\n    <\/h3>\r\n\r\n    <div class=\"ctc9-follow\">\r\n      <span class=\"ctc9-follow-label\">Follow Us<\/span>\r\n\r\n      <div class=\"ctc9-social\">\r\n        <a class=\"ctc9-soc\" href=\"#\" aria-label=\"Facebook\">\r\n          <!-- f -->\r\n          <svg viewBox=\"0 0 24 24\"><path d=\"M14 8.5V7c0-.7.4-1 1.1-1H17V3h-2.2C12.6 3 11 4.5 11 6.8v1.7H9v3h2V21h3v-9.5h2.6l.4-3H14z\"\/><\/svg>\r\n        <\/a>\r\n\r\n        <a class=\"ctc9-soc\" href=\"#\" aria-label=\"X\">\r\n          <!-- x -->\r\n          <svg viewBox=\"0 0 24 24\"><path d=\"M18.9 3H21l-6.6 7.5L22 21h-6.2l-4.8-6.2L5.6 21H3l7.1-8.2L2 3h6.4l4.3 5.6L18.9 3zm-2.2 16h1.7L7.2 4.9H5.4L16.7 19z\"\/><\/svg>\r\n        <\/a>\r\n\r\n        <a class=\"ctc9-soc\" href=\"#\" aria-label=\"Instagram\">\r\n          <!-- ig -->\r\n          <svg viewBox=\"0 0 24 24\"><path d=\"M7 2h10a5 5 0 0 1 5 5v10a5 5 0 0 1-5 5H7a5 5 0 0 1-5-5V7a5 5 0 0 1 5-5zm10 2H7a3 3 0 0 0-3 3v10a3 3 0 0 0 3 3h10a3 3 0 0 0 3-3V7a3 3 0 0 0-3-3zm-5 4.3A3.7 3.7 0 1 1 8.3 12 3.7 3.7 0 0 1 12 8.3zm0 2A1.7 1.7 0 1 0 13.7 12 1.7 1.7 0 0 0 12 10.3zM17.8 6.7a.9.9 0 1 1-.9-.9.9.9 0 0 1 .9.9z\"\/><\/svg>\r\n        <\/a>\r\n\r\n        <a class=\"ctc9-soc\" href=\"#\" aria-label=\"Pinterest\">\r\n          <!-- p -->\r\n          <svg viewBox=\"0 0 24 24\"><path d=\"M12 2a10 10 0 0 0-3.5 19.4c-.1-.8-.2-2 .1-2.9l1.5-6.4s-.4-.8-.4-2c0-1.9 1.1-3.3 2.5-3.3 1.2 0 1.7.9 1.7 2 0 1.2-.7 3-1.1 4.6-.3 1.3.6 2.3 1.9 2.3 2.3 0 4-2.4 4-5.8 0-3-2.1-5.1-5.2-5.1-3.6 0-5.7 2.7-5.7 5.5 0 1.1.4 2.2 1 2.9.1.1.1.2.1.4l-.3 1.2c-.1.4-.3.5-.7.3-1.3-.6-2.1-2.5-2.1-4 0-3.3 2.4-6.3 6.9-6.3 3.6 0 6.4 2.6 6.4 6 0 3.6-2.3 6.6-5.5 6.6-1.1 0-2.1-.6-2.4-1.2l-.7 2.7c-.2.9-.8 2-1.2 2.7A10 10 0 1 0 12 2z\"\/><\/svg>\r\n        <\/a>\r\n      <\/div>\r\n    <\/div>\r\n  <\/div>\r\n<\/div>\t\t\t\t<\/div>\n\t\t\t\t<\/div>\n\t\t<div class=\"elementor-element elementor-element-209851c e-con-full e-flex e-con e-child\" data-id=\"209851c\" data-element_type=\"container\" data-e-type=\"container\">\n\t\t\t\t<div class=\"elementor-element elementor-element-354ead2 elementor-widget elementor-widget-wpforms\" data-id=\"354ead2\" data-element_type=\"widget\" data-e-type=\"widget\" data-widget_type=\"wpforms.default\">\n\t\t\t\t<div class=\"elementor-widget-container\">\n\t\t\t\t\t<div class=\"wpforms-container wpforms-container-full wpforms-render-modern\" id=\"wpforms-1094\"><form id=\"wpforms-form-1094\" class=\"wpforms-validate wpforms-form wpforms-ajax-form\" data-formid=\"1094\" method=\"post\" enctype=\"multipart\/form-data\" action=\"\/en\/wp-json\/wp\/v2\/pages\/1091\" data-token=\"9f7bb5153ee1e18dbe66a08d17eff65b\" data-token-time=\"1776436910\"><noscript class=\"wpforms-error-noscript\">Please enable JavaScript in your browser to complete this form.<\/noscript><div id=\"wpforms-error-noscript\" style=\"display: none;\">Please enable JavaScript in your browser to complete this form.<\/div><div class=\"wpforms-field-container\">\t\t<div id=\"wpforms-1094-field_5-container\"\n\t\t\tclass=\"wpforms-field wpforms-field-text\"\n\t\t\tdata-field-type=\"text\"\n\t\t\tdata-field-id=\"5\"\n\t\t\t>\n\t\t\t<label class=\"wpforms-field-label\" for=\"wpforms-1094-field_5\" >Text Phone E-Mail<\/label>\n\t\t\t<input type=\"text\" id=\"wpforms-1094-field_5\" class=\"wpforms-field-medium\" name=\"wpforms[fields][5]\" >\n\t\t<\/div>\n\t\t<div id=\"wpforms-1094-field_1-container\" class=\"wpforms-field wpforms-field-name\" data-field-id=\"1\"><fieldset><legend class=\"wpforms-field-label\">Name Surname <span class=\"wpforms-required-label\" aria-hidden=\"true\">*<\/span><\/legend><div class=\"wpforms-field-row wpforms-field-medium\"><div class=\"wpforms-field-row-block wpforms-first wpforms-one-half\"><input type=\"text\" id=\"wpforms-1094-field_1\" class=\"wpforms-field-name-first wpforms-field-required\" name=\"wpforms[fields][1][first]\" aria-errormessage=\"wpforms-1094-field_1-error\" required><label for=\"wpforms-1094-field_1\" class=\"wpforms-field-sublabel after wpforms-sublabel-hide\">First<\/label><\/div><div class=\"wpforms-field-row-block wpforms-one-half\"><input type=\"text\" id=\"wpforms-1094-field_1-last\" class=\"wpforms-field-name-last wpforms-field-required\" name=\"wpforms[fields][1][last]\" aria-errormessage=\"wpforms-1094-field_1-last-error\" required><label for=\"wpforms-1094-field_1-last\" class=\"wpforms-field-sublabel after wpforms-sublabel-hide\">Last<\/label><\/div><\/div><\/fieldset><\/div><div id=\"wpforms-1094-field_2-container\" class=\"wpforms-field wpforms-field-email\" data-field-id=\"2\"><label class=\"wpforms-field-label\" for=\"wpforms-1094-field_2\">E-Mail <span class=\"wpforms-required-label\" aria-hidden=\"true\">*<\/span><\/label><input type=\"email\" id=\"wpforms-1094-field_2\" class=\"wpforms-field-medium wpforms-field-required\" name=\"wpforms[fields][2]\" spellcheck=\"false\" aria-errormessage=\"wpforms-1094-field_2-error\" required><\/div><div id=\"wpforms-1094-field_3-container\" class=\"wpforms-field wpforms-field-phone\" data-field-id=\"3\"><label class=\"wpforms-field-label\" for=\"wpforms-1094-field_3\">Phone<\/label><input type=\"tel\" id=\"wpforms-1094-field_3\" class=\"wpforms-field-medium wpforms-smart-phone-field\" data-rule-smart-phone-field=\"true\" name=\"wpforms[fields][3]\" aria-label=\"Phone\" aria-errormessage=\"wpforms-1094-field_3-error\" ><\/div><div id=\"wpforms-1094-field_4-container\" class=\"wpforms-field wpforms-field-textarea\" data-field-id=\"4\"><label class=\"wpforms-field-label\" for=\"wpforms-1094-field_4\">Text <span class=\"wpforms-required-label\" aria-hidden=\"true\">*<\/span><\/label><textarea id=\"wpforms-1094-field_4\" class=\"wpforms-field-medium wpforms-field-required\" name=\"wpforms[fields][4]\" aria-errormessage=\"wpforms-1094-field_4-error\" required><\/textarea><\/div><script>\n\t\t\t\t( function() {\n\t\t\t\t\tconst style = document.createElement( 'style' );\n\t\t\t\t\tstyle.appendChild( document.createTextNode( '#wpforms-1094-field_5-container { position: absolute !important; overflow: hidden !important; display: inline !important; height: 1px !important; width: 1px !important; z-index: -1000 !important; padding: 0 !important; } #wpforms-1094-field_5-container input { visibility: hidden; } #wpforms-conversational-form-page #wpforms-1094-field_5-container label { counter-increment: none; }' ) );\n\t\t\t\t\tdocument.head.appendChild( style );\n\t\t\t\t\tdocument.currentScript?.remove();\n\t\t\t\t} )();\n\t\t\t<\/script><\/div><!-- .wpforms-field-container --><div class=\"wpforms-submit-container\" ><input type=\"hidden\" name=\"wpforms[id]\" value=\"1094\"><input type=\"hidden\" name=\"page_title\" value=\"\"><input type=\"hidden\" name=\"page_url\" value=\"https:\/\/afrikacargo.com.tr\/en\/wp-json\/wp\/v2\/pages\/1091\"><input type=\"hidden\" name=\"url_referer\" value=\"\"><button type=\"submit\" name=\"wpforms[submit]\" id=\"wpforms-submit-1094\" class=\"wpforms-submit\" data-alt-text=\"G\u00f6nderiliyor...\" data-submit-text=\"G\u00f6nder\" aria-live=\"assertive\" value=\"wpforms-submit\">G\u00f6nder<\/button><img decoding=\"async\" src=\"https:\/\/afrikacargo.com.tr\/wp-content\/plugins\/wpforms\/assets\/images\/submit-spin.svg\" class=\"wpforms-submit-spinner\" style=\"display: none;\" width=\"26\" height=\"26\" alt=\"Loading\"><\/div><\/form><\/div>  <!-- .wpforms-container -->\t\t\t\t<\/div>\n\t\t\t\t<\/div>\n\t\t\t\t<\/div>\n\t\t\t\t\t<\/div>\n\t\t\t\t<\/div>\n\t\t\t\t<\/div>\n\t\t","protected":false},"excerpt":{"rendered":"<p>+90 545 681 23 42 Call Us Anytime Send Email info@afrikacargo.com.tr Working Hours Mon &#8211; Fri (08:00 &#8211; 17:00) Get in Touch With Us and Receive Your Quote Now! Follow Us Bu formu bitirebilmek i\u00e7in taray\u0131c\u0131n\u0131zda JavaScript&#039;i etkinle\u015ftirin.Bu formu bitirebilmek i\u00e7in taray\u0131c\u0131n\u0131zda JavaScript&#039;i etkinle\u015ftirin. Name Surname * AdSoyad E-Mail *Phone Text * G\u00f6nder<\/p>\n","protected":false},"author":1,"featured_media":0,"parent":0,"menu_order":0,"comment_status":"closed","ping_status":"closed","template":"elementor_header_footer","meta":{"footnotes":""},"class_list":["post-1091","page","type-page","status-publish","hentry"],"yoast_head":"<!-- This site is optimized with the Yoast SEO Premium plugin v27.3 (Yoast SEO v27.3) - https:\/\/yoast.com\/product\/yoast-seo-premium-wordpress\/ -->\n<title>Contact - Afrika Cargo<\/title>\n<meta name=\"robots\" content=\"index, follow, max-snippet:-1, max-image-preview:large, max-video-preview:-1\" \/>\n<link rel=\"canonical\" href=\"https:\/\/afrikacargo.com.tr\/en\/contact\/\" \/>\n<meta property=\"og:locale\" content=\"en_US\" \/>\n<meta property=\"og:type\" content=\"article\" \/>\n<meta property=\"og:title\" content=\"Contact\" \/>\n<meta property=\"og:description\" content=\"+90 545 681 23 42 Call Us Anytime Send Email info@afrikacargo.com.tr Working Hours Mon &#8211; Fri (08:00 &#8211; 17:00) Get in Touch With Us and Receive Your Quote Now! Follow Us Bu formu bitirebilmek i\u00e7in taray\u0131c\u0131n\u0131zda JavaScript&#039;i etkinle\u015ftirin.Bu formu bitirebilmek i\u00e7in taray\u0131c\u0131n\u0131zda JavaScript&#039;i etkinle\u015ftirin. Name Surname * AdSoyad E-Mail *Phone Text * G\u00f6nder\" \/>\n<meta property=\"og:url\" content=\"https:\/\/afrikacargo.com.tr\/en\/contact\/\" \/>\n<meta property=\"og:site_name\" content=\"Afrika Cargo\" \/>\n<meta property=\"article:modified_time\" content=\"2026-03-05T19:43:24+00:00\" \/>\n<meta property=\"og:image\" content=\"https:\/\/images.unsplash.com\/photo-1521737604893-d14cc237f11d?auto=format&fit=crop&w=1400&q=80\" \/>\n<meta name=\"twitter:card\" content=\"summary_large_image\" \/>\n<script type=\"application\/ld+json\" class=\"yoast-schema-graph\">{\"@context\":\"https:\\\/\\\/schema.org\",\"@graph\":[{\"@type\":\"WebPage\",\"@id\":\"https:\\\/\\\/afrikacargo.com.tr\\\/en\\\/contact\\\/\",\"url\":\"https:\\\/\\\/afrikacargo.com.tr\\\/en\\\/contact\\\/\",\"name\":\"Contact - Afrika Cargo\",\"isPartOf\":{\"@id\":\"https:\\\/\\\/afrikacargo.com.tr\\\/#website\"},\"primaryImageOfPage\":{\"@id\":\"https:\\\/\\\/afrikacargo.com.tr\\\/en\\\/contact\\\/#primaryimage\"},\"image\":{\"@id\":\"https:\\\/\\\/afrikacargo.com.tr\\\/en\\\/contact\\\/#primaryimage\"},\"thumbnailUrl\":\"https:\\\/\\\/images.unsplash.com\\\/photo-1521737604893-d14cc237f11d?auto=format&fit=crop&w=1400&q=80\",\"datePublished\":\"2026-03-05T17:03:45+00:00\",\"dateModified\":\"2026-03-05T19:43:24+00:00\",\"breadcrumb\":{\"@id\":\"https:\\\/\\\/afrikacargo.com.tr\\\/en\\\/contact\\\/#breadcrumb\"},\"inLanguage\":\"en-US\",\"potentialAction\":[{\"@type\":\"ReadAction\",\"target\":[\"https:\\\/\\\/afrikacargo.com.tr\\\/en\\\/contact\\\/\"]}]},{\"@type\":\"ImageObject\",\"inLanguage\":\"en-US\",\"@id\":\"https:\\\/\\\/afrikacargo.com.tr\\\/en\\\/contact\\\/#primaryimage\",\"url\":\"https:\\\/\\\/images.unsplash.com\\\/photo-1521737604893-d14cc237f11d?auto=format&fit=crop&w=1400&q=80\",\"contentUrl\":\"https:\\\/\\\/images.unsplash.com\\\/photo-1521737604893-d14cc237f11d?auto=format&fit=crop&w=1400&q=80\"},{\"@type\":\"BreadcrumbList\",\"@id\":\"https:\\\/\\\/afrikacargo.com.tr\\\/en\\\/contact\\\/#breadcrumb\",\"itemListElement\":[{\"@type\":\"ListItem\",\"position\":1,\"name\":\"Home\",\"item\":\"https:\\\/\\\/afrikacargo.com.tr\\\/en\\\/\"},{\"@type\":\"ListItem\",\"position\":2,\"name\":\"Contact\"}]},{\"@type\":\"WebSite\",\"@id\":\"https:\\\/\\\/afrikacargo.com.tr\\\/#website\",\"url\":\"https:\\\/\\\/afrikacargo.com.tr\\\/\",\"name\":\"Afrika Cargo\",\"description\":\"\",\"potentialAction\":[{\"@type\":\"SearchAction\",\"target\":{\"@type\":\"EntryPoint\",\"urlTemplate\":\"https:\\\/\\\/afrikacargo.com.tr\\\/?s={search_term_string}\"},\"query-input\":{\"@type\":\"PropertyValueSpecification\",\"valueRequired\":true,\"valueName\":\"search_term_string\"}}],\"inLanguage\":\"en-US\"}]}<\/script>\n<!-- \/ Yoast SEO Premium plugin. -->","yoast_head_json":{"title":"Contact - Afrika Cargo","robots":{"index":"index","follow":"follow","max-snippet":"max-snippet:-1","max-image-preview":"max-image-preview:large","max-video-preview":"max-video-preview:-1"},"canonical":"https:\/\/afrikacargo.com.tr\/en\/contact\/","og_locale":"en_US","og_type":"article","og_title":"Contact","og_description":"+90 545 681 23 42 Call Us Anytime Send Email info@afrikacargo.com.tr Working Hours Mon &#8211; Fri (08:00 &#8211; 17:00) Get in Touch With Us and Receive Your Quote Now! Follow Us Bu formu bitirebilmek i\u00e7in taray\u0131c\u0131n\u0131zda JavaScript&#039;i etkinle\u015ftirin.Bu formu bitirebilmek i\u00e7in taray\u0131c\u0131n\u0131zda JavaScript&#039;i etkinle\u015ftirin. Name Surname * AdSoyad E-Mail *Phone Text * G\u00f6nder","og_url":"https:\/\/afrikacargo.com.tr\/en\/contact\/","og_site_name":"Afrika Cargo","article_modified_time":"2026-03-05T19:43:24+00:00","og_image":[{"url":"https:\/\/images.unsplash.com\/photo-1521737604893-d14cc237f11d?auto=format&fit=crop&w=1400&q=80","type":"","width":"","height":""}],"twitter_card":"summary_large_image","schema":{"@context":"https:\/\/schema.org","@graph":[{"@type":"WebPage","@id":"https:\/\/afrikacargo.com.tr\/en\/contact\/","url":"https:\/\/afrikacargo.com.tr\/en\/contact\/","name":"Contact - Afrika Cargo","isPartOf":{"@id":"https:\/\/afrikacargo.com.tr\/#website"},"primaryImageOfPage":{"@id":"https:\/\/afrikacargo.com.tr\/en\/contact\/#primaryimage"},"image":{"@id":"https:\/\/afrikacargo.com.tr\/en\/contact\/#primaryimage"},"thumbnailUrl":"https:\/\/images.unsplash.com\/photo-1521737604893-d14cc237f11d?auto=format&fit=crop&w=1400&q=80","datePublished":"2026-03-05T17:03:45+00:00","dateModified":"2026-03-05T19:43:24+00:00","breadcrumb":{"@id":"https:\/\/afrikacargo.com.tr\/en\/contact\/#breadcrumb"},"inLanguage":"en-US","potentialAction":[{"@type":"ReadAction","target":["https:\/\/afrikacargo.com.tr\/en\/contact\/"]}]},{"@type":"ImageObject","inLanguage":"en-US","@id":"https:\/\/afrikacargo.com.tr\/en\/contact\/#primaryimage","url":"https:\/\/images.unsplash.com\/photo-1521737604893-d14cc237f11d?auto=format&fit=crop&w=1400&q=80","contentUrl":"https:\/\/images.unsplash.com\/photo-1521737604893-d14cc237f11d?auto=format&fit=crop&w=1400&q=80"},{"@type":"BreadcrumbList","@id":"https:\/\/afrikacargo.com.tr\/en\/contact\/#breadcrumb","itemListElement":[{"@type":"ListItem","position":1,"name":"Home","item":"https:\/\/afrikacargo.com.tr\/en\/"},{"@type":"ListItem","position":2,"name":"Contact"}]},{"@type":"WebSite","@id":"https:\/\/afrikacargo.com.tr\/#website","url":"https:\/\/afrikacargo.com.tr\/","name":"Afrika Cargo","description":"","potentialAction":[{"@type":"SearchAction","target":{"@type":"EntryPoint","urlTemplate":"https:\/\/afrikacargo.com.tr\/?s={search_term_string}"},"query-input":{"@type":"PropertyValueSpecification","valueRequired":true,"valueName":"search_term_string"}}],"inLanguage":"en-US"}]}},"_links":{"self":[{"href":"https:\/\/afrikacargo.com.tr\/en\/wp-json\/wp\/v2\/pages\/1091","targetHints":{"allow":["GET"]}}],"collection":[{"href":"https:\/\/afrikacargo.com.tr\/en\/wp-json\/wp\/v2\/pages"}],"about":[{"href":"https:\/\/afrikacargo.com.tr\/en\/wp-json\/wp\/v2\/types\/page"}],"author":[{"embeddable":true,"href":"https:\/\/afrikacargo.com.tr\/en\/wp-json\/wp\/v2\/users\/1"}],"replies":[{"embeddable":true,"href":"https:\/\/afrikacargo.com.tr\/en\/wp-json\/wp\/v2\/comments?post=1091"}],"version-history":[{"count":8,"href":"https:\/\/afrikacargo.com.tr\/en\/wp-json\/wp\/v2\/pages\/1091\/revisions"}],"predecessor-version":[{"id":1266,"href":"https:\/\/afrikacargo.com.tr\/en\/wp-json\/wp\/v2\/pages\/1091\/revisions\/1266"}],"wp:attachment":[{"href":"https:\/\/afrikacargo.com.tr\/en\/wp-json\/wp\/v2\/media?parent=1091"}],"curies":[{"name":"wp","href":"https:\/\/api.w.org\/{rel}","templated":true}]}}